{"id":355,"date":"2022-04-05T05:34:38","date_gmt":"2022-04-05T05:34:38","guid":{"rendered":"https:\/\/esportstop.lt\/?page_id=355"},"modified":"2025-07-28T11:54:30","modified_gmt":"2025-07-28T09:54:30","slug":"apie-mus","status":"publish","type":"page","link":"https:\/\/esportstop.lt\/en\/apie-mus\/","title":{"rendered":"Apie mus"},"content":{"rendered":"<p>M\u016bs\u0173 komanda pristatys aktualiausias Lietuvos elektroninio sporto ir \u017eaidim\u0173 naujienas, pateiks intriguojan\u010dias analizes, i\u0161skirtinius interviu bei ap\u017evalgas apie tai, kas vyksta Lietuvos ir pasaulio \u017eaidim\u0173 ar elektroninio sporto pasaulyje. <\/p><h4 class=\"wp-block-heading\">M\u016bs\u0173 misija<\/h4><p>Siekiame parodyti, kad elektroninis sportas yra svarbi pasaulin\u0117s ekosistemos dalis, o \u017eaidim\u0173 industrija yra neatsiejamas populiariosios kult\u016bros elementas. <\/p><p>Siekiame kokybi\u0161kai ir patraukliai perduoti svarbiausi\u0105 informacij\u0105 apie \u0161ios industrijos gyvenim\u0105, be pagra\u017einim\u0173 ar interpretacij\u0173 bei atskleisti pasl\u0117ptus scenos talentus.<\/p><h4 class=\"wp-block-heading\">Contact us<\/h4><p><strong>El. Pa\u0161tas: <\/strong>info@esportstop.lt<br><strong>Tel. Nr.: <\/strong>+37063657459<\/p><h3 class=\"wp-block-heading\"><strong>Vadovai<\/strong><\/h3><div class=\"wp-block-columns is-layout-flex wp-container-core-columns-is-layout-9d6595d7 wp-block-columns-is-layout-flex\"><div class=\"wp-block-column is-layout-flow wp-block-column-is-layout-flow\"><div class=\"wp-block-team-member-block-team-member-block\"><div class=\"eb-parent-wrapper eb-parent-eb-team-member-kavsxx8\"><div class=\"eb-team-member-kavsxx8 eb-team-wrapper default\"><div class=\"eb-team-inner\"><div class=\"eb-team-member-image\"><img decoding=\"async\" class=\"eb-team-member-avatar\" src=\"https:\/\/esportstop.lt\/wp-content\/plugins\/team-member-block\/assets\/images\/user.jpg\" alt=\"<strong&gt;Teodoras Po\u0161kus-Saulis<\/strong&gt;\"\/><\/div><div class=\"eb-team-member-contents\"><div class=\"eb-team-member-texts\"><h3 class=\"eb-team-member-name\"><strong>Teodoras Po\u0161kus-Saulis<\/strong><\/h3><h4 class=\"eb-team-member-job-title\">\u201eEsportsTop\u201c komercijos direktorius<\/h4><\/div><ul class=\"socials\"><li><a class=\"hvr-grow\" href=\"https:\/\/twitter.com\/TeodorasPoskus\" target=\"_blank\" rel=\"noopener\" title=\"\"><i class=\"fab fa-twitter hvr-icon social-icon\" icon=\"fab fa-twitter\"><\/i><\/a><\/li><li><a class=\"hvr-grow\" href=\"https:\/\/www.twitch.tv\/UndercoverFPS\" target=\"_blank\" rel=\"noopener\" title=\"\"><i class=\"fab fa-twitch hvr-icon social-icon\" icon=\"fab fa-twitch\"><\/i><\/a><\/li><li><a class=\"hvr-grow\" href=\"https:\/\/www.instagram.com\/poskusteodoras\/\" target=\"_blank\" rel=\"noopener\" title=\"\"><i class=\"fab fa-instagram hvr-icon social-icon\" icon=\"fab fa-instagram\"><\/i><\/a><\/li><li><a class=\"hvr-grow\" href=\"mailto:info@esportstop.lt\" target=\"_blank\" rel=\"noopener\" title=\"\"><span class=\"dashicon dashicons dashicons-email hvr-icon social-icon\"><\/span><\/a><\/li><\/ul><\/div><\/div><\/div><\/div><\/div><\/div>\n\n<div class=\"wp-block-column is-layout-flow wp-block-column-is-layout-flow\"><div class=\"wp-block-team-member-block-team-member-block\"><div class=\"eb-parent-wrapper eb-parent-eb-team-member-hytvdgv\"><div class=\"eb-team-member-hytvdgv eb-team-wrapper default\"><div class=\"eb-team-inner\"><div class=\"eb-team-member-image\"><img decoding=\"async\" class=\"eb-team-member-avatar\" src=\"https:\/\/esportstop.lt\/wp-content\/plugins\/team-member-block\/assets\/images\/user.jpg\" alt=\"<strong&gt;Eimantas Stulginskas<\/strong&gt;\"\/><\/div><div class=\"eb-team-member-contents\"><div class=\"eb-team-member-texts\"><h3 class=\"eb-team-member-name\"><strong>Eimantas Stulginskas<\/strong><\/h3><h4 class=\"eb-team-member-job-title\">\u201eEsportsTop\u201c vyr. redaktorius<\/h4><\/div><ul class=\"socials\"><li><a class=\"hvr-grow\" href=\"https:\/\/twitter.com\/SpectrumLW\" target=\"_blank\" rel=\"noopener\" title=\"\"><i class=\"fab fa-twitter hvr-icon social-icon\" icon=\"fab fa-twitter\"><\/i><\/a><\/li><li><a class=\"hvr-grow\" href=\"https:\/\/www.instagram.com\/eimastulg\/\" target=\"_blank\" rel=\"noopener\" title=\"\"><i class=\"fab fa-instagram hvr-icon social-icon\" icon=\"fab fa-instagram\"><\/i><\/a><\/li><li><a class=\"hvr-grow\" href=\"https:\/\/www.youtube.com\/channel\/UCBHbLA2bZFjDjPOyGVn6dhw\" target=\"_blank\" rel=\"noopener\" title=\"\"><i class=\"fab fa-youtube hvr-icon social-icon\" icon=\"fab fa-youtube\"><\/i><\/a><\/li><li><a class=\"hvr-grow\" href=\"mailto:eimantas@esportstop.lt\" target=\"_blank\" rel=\"noopener\" title=\"\"><span class=\"dashicon dashicons dashicons-email hvr-icon social-icon\"><\/span><\/a><\/li><\/ul><\/div><\/div><\/div><\/div><\/div><\/div><\/div><div class=\"wp-block-columns are-vertically-aligned-bottom is-layout-flex wp-container-core-columns-is-layout-9d6595d7 wp-block-columns-is-layout-flex\"><div class=\"wp-block-column is-vertically-aligned-bottom is-layout-flow wp-block-column-is-layout-flow\" style=\"flex-basis:100%\"><\/div><\/div><h3 class=\"wp-block-heading\"><strong>Administracija<\/strong><\/h3><div class=\"wp-block-columns are-vertically-aligned-top is-layout-flex wp-container-core-columns-is-layout-9d6595d7 wp-block-columns-is-layout-flex\"><div class=\"wp-block-column is-vertically-aligned-top is-layout-flow wp-block-column-is-layout-flow\" style=\"flex-basis:100%\"><div class=\"wp-block-group is-nowrap is-layout-flex wp-container-core-group-is-layout-ad2f72ca wp-block-group-is-layout-flex\"><div class=\"wp-block-team-member-block-team-member-block\"><div class=\"eb-parent-wrapper eb-parent-eb-team-member-rsv1m\"><div class=\"eb-team-member-rsv1m eb-team-wrapper default\"><div class=\"eb-team-inner\"><div class=\"eb-team-member-image\"><img decoding=\"async\" class=\"eb-team-member-avatar\" src=\"https:\/\/esportstop.lt\/wp-content\/plugins\/team-member-block\/assets\/images\/user.jpg\" alt=\"Jolanta Balevi\u010di\u016bt\u0117\"\/><\/div><div class=\"eb-team-member-contents\"><div class=\"eb-team-member-texts\"><h3 class=\"eb-team-member-name\">Jolanta Balevi\u010di\u016bt\u0117<\/h3><h4 class=\"eb-team-member-job-title\">Socialini\u0173 tinkl\u0173 vadov\u0117<\/h4><\/div><ul class=\"socials\"><li><a class=\"\" href=\"mailto:jolanta@esportstop.lt\" target=\"_blank\" rel=\"noopener\" title=\"\"><span class=\"dashicon dashicons dashicons-email hvr-icon social-icon\"><\/span><\/a><\/li><\/ul><\/div><\/div><\/div><\/div><\/div>\n\n<div class=\"wp-block-team-member-block-team-member-block\"><div class=\"eb-parent-wrapper eb-parent-eb-team-member-fbnrh\"><div class=\"eb-team-member-fbnrh eb-team-wrapper default\"><div class=\"eb-team-inner\"><div class=\"eb-team-member-image\"><img decoding=\"async\" class=\"eb-team-member-avatar\" src=\"https:\/\/esportstop.lt\/wp-content\/plugins\/team-member-block\/assets\/images\/user.jpg\" alt=\"Aust\u0117ja Ramuckyt\u0117\"\/><\/div><div class=\"eb-team-member-contents\"><div class=\"eb-team-member-texts\"><h3 class=\"eb-team-member-name\">Aust\u0117ja Ramuckyt\u0117<\/h3><h4 class=\"eb-team-member-job-title\">Rinkodaros vadov\u0117<\/h4><\/div><ul class=\"socials\"><li><a class=\"\" href=\"mailto:austeja@esportstop.lt\" target=\"_blank\" rel=\"noopener\" title=\"\"><span class=\"dashicon dashicons dashicons-email hvr-icon social-icon\"><\/span><\/a><\/li><\/ul><\/div><\/div><\/div><\/div><\/div>\n\n<div class=\"wp-block-team-member-block-team-member-block\"><div class=\"eb-parent-wrapper eb-parent-eb-team-member-7984f\"><div class=\"eb-team-member-7984f eb-team-wrapper default\"><div class=\"eb-team-inner\"><div class=\"eb-team-member-image\"><img decoding=\"async\" class=\"eb-team-member-avatar\" src=\"https:\/\/esportstop.lt\/wp-content\/plugins\/team-member-block\/assets\/images\/user.jpg\" alt=\"\u0160ar\u016bnas Baltru\u0161aitis\"\/><\/div><div class=\"eb-team-member-contents\"><div class=\"eb-team-member-texts\"><h3 class=\"eb-team-member-name\">\u0160ar\u016bnas Baltru\u0161aitis<\/h3><h4 class=\"eb-team-member-job-title\">Vaizdo turinio vadovas<\/h4><\/div><ul class=\"socials\"><li><a class=\"\" href=\"mailto:sarunas@esportstop.lt\" target=\"_blank\" rel=\"noopener\" title=\"\"><span class=\"dashicon dashicons dashicons-email hvr-icon social-icon\"><\/span><\/a><\/li><\/ul><\/div><\/div><\/div><\/div><\/div><\/div><\/div><\/div><h3 class=\"wp-block-heading\">\u017durnalistai<\/h3><div class=\"wp-block-team-member-block-team-member-block\"><div class=\"eb-parent-wrapper eb-parent-eb-team-member-0vk9v\"><div class=\"eb-team-member-0vk9v eb-team-wrapper default\"><div class=\"eb-team-inner\"><div class=\"eb-team-member-image\"><img decoding=\"async\" class=\"eb-team-member-avatar\" src=\"https:\/\/esportstop.lt\/wp-content\/plugins\/team-member-block\/assets\/images\/user.jpg\" alt=\"Giedrius \u017ditlinskas\"\/><\/div><div class=\"eb-team-member-contents\"><div class=\"eb-team-member-texts\"><h3 class=\"eb-team-member-name\">Giedrius \u017ditlinskas<\/h3><h4 class=\"eb-team-member-job-title\">Esporto naujien\u0173 \u017eurnalistas<\/h4><\/div><ul class=\"socials\"><li><a class=\"\" href=\"https:\/\/x.com\/giedriuszit\" target=\"_blank\" rel=\"noopener\" title=\"Twitter\"><i class=\"fab fa-x-twitter hvr-icon social-icon\" icon=\"fab fa-x-twitter\"><\/i><\/a><\/li><li><a class=\"\" href=\"mailto:giedrius@esportstop.lt\" target=\"_blank\" rel=\"noopener\" title=\"El. pa\u0161tas\"><span class=\"dashicon dashicons dashicons-email hvr-icon social-icon\"><\/span><\/a><\/li><\/ul><\/div><\/div><\/div><\/div><\/div><p><\/p>","protected":false},"excerpt":{"rendered":"<p>M\u016bs\u0173 komanda pristatys aktualiausias Lietuvos elektroninio sporto ir \u017eaidim\u0173 naujienas, pateiks intriguojan\u010dias analizes, i\u0161skirtinius interviu bei ap\u017evalgas apie tai, kas vyksta Lietuvos ir pasaulio \u017eaidim\u0173 ar elektroninio sporto pasaulyje. M\u016bs\u0173 misija Siekiame parodyti, kad elektroninis sportas yra svarbi pasaulin\u0117s ekosistemos dalis, o \u017eaidim\u0173 industrija yra neatsiejamas populiariosios kult\u016bros elementas. Siekiame kokybi\u0161kai ir patraukliai perduoti svarbiausi\u0105 [&hellip;]<\/p>\n","protected":false},"author":1,"featured_media":0,"parent":0,"menu_order":0,"comment_status":"closed","ping_status":"closed","template":"","meta":{"_eb_attr":"","_vp_format_video_url":"","_vp_image_focal_point":[],"footnotes":""},"class_list":["post-355","page","type-page","status-publish","hentry"],"yoast_head":"<!-- This site is optimized with the Yoast SEO plugin v27.4 - https:\/\/yoast.com\/product\/yoast-seo-wordpress\/ -->\n<title>Apie mus - Esports Top<\/title>\n<meta name=\"description\" content=\"M\u016bs\u0173 komanda pristatys aktualiausias Lietuvos elektroninio sporto ir \u017eaidim\u0173 naujienas, pateiks intriguojan\u010dias analizes, i\u0161skirtinius...\" \/>\n<meta name=\"robots\" content=\"index, follow, max-snippet:-1, max-image-preview:large, max-video-preview:-1\" \/>\n<link rel=\"canonical\" href=\"https:\/\/esportstop.lt\/en\/apie-mus\/\" \/>\n<meta property=\"og:locale\" content=\"en_GB\" \/>\n<meta property=\"og:type\" content=\"article\" \/>\n<meta property=\"og:title\" content=\"Apie mus - Esports Top\" \/>\n<meta property=\"og:description\" content=\"M\u016bs\u0173 komanda pristatys aktualiausias Lietuvos elektroninio sporto ir \u017eaidim\u0173 naujienas, pateiks intriguojan\u010dias analizes, i\u0161skirtinius...\" \/>\n<meta property=\"og:url\" content=\"https:\/\/esportstop.lt\/en\/apie-mus\/\" \/>\n<meta property=\"og:site_name\" content=\"Esports Top\" \/>\n<meta property=\"article:publisher\" content=\"https:\/\/www.facebook.com\/EsportsTopEu\" \/>\n<meta property=\"article:modified_time\" content=\"2025-07-28T09:54:30+00:00\" \/>\n<meta property=\"og:image\" content=\"https:\/\/esportstop.lt\/wp-content\/plugins\/team-member-block\/assets\/images\/user.jpg\" \/>\n<meta name=\"twitter:card\" content=\"summary_large_image\" \/>\n<meta name=\"twitter:site\" content=\"@EsportoTopas\" \/>\n<meta name=\"twitter:label1\" content=\"Estimated reading time\" \/>\n\t<meta name=\"twitter:data1\" content=\"2 minutes\" \/>\n<script type=\"application\/ld+json\" class=\"yoast-schema-graph\">{\"@context\":\"https:\\\/\\\/schema.org\",\"@graph\":[{\"@type\":\"WebPage\",\"@id\":\"https:\\\/\\\/esportstop.lt\\\/apie-mus\\\/\",\"url\":\"https:\\\/\\\/esportstop.lt\\\/apie-mus\\\/\",\"name\":\"Apie mus - Esports Top\",\"isPartOf\":{\"@id\":\"https:\\\/\\\/esportstop.lt\\\/#website\"},\"primaryImageOfPage\":{\"@id\":\"https:\\\/\\\/esportstop.lt\\\/apie-mus\\\/#primaryimage\"},\"image\":{\"@id\":\"https:\\\/\\\/esportstop.lt\\\/apie-mus\\\/#primaryimage\"},\"thumbnailUrl\":\"https:\\\/\\\/esportstop.lt\\\/wp-content\\\/plugins\\\/team-member-block\\\/assets\\\/images\\\/user.jpg\",\"datePublished\":\"2022-04-05T05:34:38+00:00\",\"dateModified\":\"2025-07-28T09:54:30+00:00\",\"description\":\"M\u016bs\u0173 komanda pristatys aktualiausias Lietuvos elektroninio sporto ir \u017eaidim\u0173 naujienas, pateiks intriguojan\u010dias analizes, i\u0161skirtinius...\",\"inLanguage\":\"en-GB\",\"potentialAction\":[{\"@type\":\"ReadAction\",\"target\":[\"https:\\\/\\\/esportstop.lt\\\/apie-mus\\\/\"]}]},{\"@type\":\"ImageObject\",\"inLanguage\":\"en-GB\",\"@id\":\"https:\\\/\\\/esportstop.lt\\\/apie-mus\\\/#primaryimage\",\"url\":\"https:\\\/\\\/esportstop.lt\\\/wp-content\\\/plugins\\\/team-member-block\\\/assets\\\/images\\\/user.jpg\",\"contentUrl\":\"https:\\\/\\\/esportstop.lt\\\/wp-content\\\/plugins\\\/team-member-block\\\/assets\\\/images\\\/user.jpg\"},{\"@type\":\"WebSite\",\"@id\":\"https:\\\/\\\/esportstop.lt\\\/#website\",\"url\":\"https:\\\/\\\/esportstop.lt\\\/\",\"name\":\"Esports Top\",\"description\":\"Tavo \u017eaidim\u0173 ir esporto naujienos!\",\"publisher\":{\"@id\":\"https:\\\/\\\/esportstop.lt\\\/#organization\"},\"potentialAction\":[{\"@type\":\"SearchAction\",\"target\":{\"@type\":\"EntryPoint\",\"urlTemplate\":\"https:\\\/\\\/esportstop.lt\\\/?s={search_term_string}\"},\"query-input\":{\"@type\":\"PropertyValueSpecification\",\"valueRequired\":true,\"valueName\":\"search_term_string\"}}],\"inLanguage\":\"en-GB\"},{\"@type\":\"Organization\",\"@id\":\"https:\\\/\\\/esportstop.lt\\\/#organization\",\"name\":\"Esports Top\",\"url\":\"https:\\\/\\\/esportstop.lt\\\/\",\"logo\":{\"@type\":\"ImageObject\",\"inLanguage\":\"en-GB\",\"@id\":\"https:\\\/\\\/esportstop.lt\\\/#\\\/schema\\\/logo\\\/image\\\/\",\"url\":\"https:\\\/\\\/esportstop.lt\\\/wp-content\\\/uploads\\\/2022\\\/04\\\/star-neon2-e1649787740747.png\",\"contentUrl\":\"https:\\\/\\\/esportstop.lt\\\/wp-content\\\/uploads\\\/2022\\\/04\\\/star-neon2-e1649787740747.png\",\"width\":570,\"height\":576,\"caption\":\"Esports Top\"},\"image\":{\"@id\":\"https:\\\/\\\/esportstop.lt\\\/#\\\/schema\\\/logo\\\/image\\\/\"},\"sameAs\":[\"https:\\\/\\\/www.facebook.com\\\/EsportsTopEu\",\"https:\\\/\\\/x.com\\\/EsportoTopas\"]}]}<\/script>\n<!-- \/ Yoast SEO plugin. -->","yoast_head_json":{"title":"Apie mus - Esports Top","description":"M\u016bs\u0173 komanda pristatys aktualiausias Lietuvos elektroninio sporto ir \u017eaidim\u0173 naujienas, pateiks intriguojan\u010dias analizes, i\u0161skirtinius...","robots":{"index":"index","follow":"follow","max-snippet":"max-snippet:-1","max-image-preview":"max-image-preview:large","max-video-preview":"max-video-preview:-1"},"canonical":"https:\/\/esportstop.lt\/en\/apie-mus\/","og_locale":"en_GB","og_type":"article","og_title":"Apie mus - Esports Top","og_description":"M\u016bs\u0173 komanda pristatys aktualiausias Lietuvos elektroninio sporto ir \u017eaidim\u0173 naujienas, pateiks intriguojan\u010dias analizes, i\u0161skirtinius...","og_url":"https:\/\/esportstop.lt\/en\/apie-mus\/","og_site_name":"Esports Top","article_publisher":"https:\/\/www.facebook.com\/EsportsTopEu","article_modified_time":"2025-07-28T09:54:30+00:00","og_image":[{"url":"https:\/\/esportstop.lt\/wp-content\/plugins\/team-member-block\/assets\/images\/user.jpg","type":"","width":"","height":""}],"twitter_card":"summary_large_image","twitter_site":"@EsportoTopas","twitter_misc":{"Estimated reading time":"2 minutes"},"schema":{"@context":"https:\/\/schema.org","@graph":[{"@type":"WebPage","@id":"https:\/\/esportstop.lt\/apie-mus\/","url":"https:\/\/esportstop.lt\/apie-mus\/","name":"Apie mus - Esports Top","isPartOf":{"@id":"https:\/\/esportstop.lt\/#website"},"primaryImageOfPage":{"@id":"https:\/\/esportstop.lt\/apie-mus\/#primaryimage"},"image":{"@id":"https:\/\/esportstop.lt\/apie-mus\/#primaryimage"},"thumbnailUrl":"https:\/\/esportstop.lt\/wp-content\/plugins\/team-member-block\/assets\/images\/user.jpg","datePublished":"2022-04-05T05:34:38+00:00","dateModified":"2025-07-28T09:54:30+00:00","description":"M\u016bs\u0173 komanda pristatys aktualiausias Lietuvos elektroninio sporto ir \u017eaidim\u0173 naujienas, pateiks intriguojan\u010dias analizes, i\u0161skirtinius...","inLanguage":"en-GB","potentialAction":[{"@type":"ReadAction","target":["https:\/\/esportstop.lt\/apie-mus\/"]}]},{"@type":"ImageObject","inLanguage":"en-GB","@id":"https:\/\/esportstop.lt\/apie-mus\/#primaryimage","url":"https:\/\/esportstop.lt\/wp-content\/plugins\/team-member-block\/assets\/images\/user.jpg","contentUrl":"https:\/\/esportstop.lt\/wp-content\/plugins\/team-member-block\/assets\/images\/user.jpg"},{"@type":"WebSite","@id":"https:\/\/esportstop.lt\/#website","url":"https:\/\/esportstop.lt\/","name":"Esports Top","description":"Tavo \u017eaidim\u0173 ir esporto naujienos!","publisher":{"@id":"https:\/\/esportstop.lt\/#organization"},"potentialAction":[{"@type":"SearchAction","target":{"@type":"EntryPoint","urlTemplate":"https:\/\/esportstop.lt\/?s={search_term_string}"},"query-input":{"@type":"PropertyValueSpecification","valueRequired":true,"valueName":"search_term_string"}}],"inLanguage":"en-GB"},{"@type":"Organization","@id":"https:\/\/esportstop.lt\/#organization","name":"Esports Top","url":"https:\/\/esportstop.lt\/","logo":{"@type":"ImageObject","inLanguage":"en-GB","@id":"https:\/\/esportstop.lt\/#\/schema\/logo\/image\/","url":"https:\/\/esportstop.lt\/wp-content\/uploads\/2022\/04\/star-neon2-e1649787740747.png","contentUrl":"https:\/\/esportstop.lt\/wp-content\/uploads\/2022\/04\/star-neon2-e1649787740747.png","width":570,"height":576,"caption":"Esports Top"},"image":{"@id":"https:\/\/esportstop.lt\/#\/schema\/logo\/image\/"},"sameAs":["https:\/\/www.facebook.com\/EsportsTopEu","https:\/\/x.com\/EsportoTopas"]}]}},"_links":{"self":[{"href":"https:\/\/esportstop.lt\/en\/wp-json\/wp\/v2\/pages\/355","targetHints":{"allow":["GET"]}}],"collection":[{"href":"https:\/\/esportstop.lt\/en\/wp-json\/wp\/v2\/pages"}],"about":[{"href":"https:\/\/esportstop.lt\/en\/wp-json\/wp\/v2\/types\/page"}],"author":[{"embeddable":true,"href":"https:\/\/esportstop.lt\/en\/wp-json\/wp\/v2\/users\/1"}],"replies":[{"embeddable":true,"href":"https:\/\/esportstop.lt\/en\/wp-json\/wp\/v2\/comments?post=355"}],"version-history":[{"count":8,"href":"https:\/\/esportstop.lt\/en\/wp-json\/wp\/v2\/pages\/355\/revisions"}],"predecessor-version":[{"id":23517,"href":"https:\/\/esportstop.lt\/en\/wp-json\/wp\/v2\/pages\/355\/revisions\/23517"}],"wp:attachment":[{"href":"https:\/\/esportstop.lt\/en\/wp-json\/wp\/v2\/media?parent=355"}],"curies":[{"name":"wp","href":"https:\/\/api.w.org\/{rel}","templated":true}]}}